{"id":27,"date":"2019-10-16T01:06:03","date_gmt":"2019-10-15T22:06:03","guid":{"rendered":"https:\/\/mustansiriyah.net\/?page_id=27"},"modified":"2025-12-19T00:08:45","modified_gmt":"2025-12-18T21:08:45","slug":"ana-sayfa","status":"publish","type":"page","link":"https:\/\/mustansiriyah.net\/?page_id=27&lang=tr","title":{"rendered":"Ana Sayfa"},"content":{"rendered":"\n\n\n<figure class=\"wp-block-embed is-type-video is-provider-youtube wp-block-embed-youtube wp-embed-aspect-16-9 wp-has-aspect-ratio\"><div class=\"wp-block-embed__wrapper\">\n<iframe loading=\"lazy\" title=\"\u0627\u0644\u062a\u0639\u0644\u064a\u0642 \u0639\u0644\u0649 \u0631\u0633\u0627\u0644\u0629 \u0645\u0646\u0647\u062c \u064a\u0648\u0645\u064a \u0644\u0637\u0627\u0644\u0628 \u0627\u0644\u0639\u0644\u0645 \u0644\u0627\u0628\u0646 \u0639\u062b\u064a\u0645\u064a\u0646 - \u0627\u0644\u0634\u064a\u062e \u0639\u0628\u062f \u0627\u0644\u0631\u0632\u0627\u0642 \u0627\u0644\u0628\u062f\u0631 - \u0645\u062e\u062a\u0635\u0631\" width=\"500\" height=\"281\" src=\"https:\/\/www.youtube.com\/embed\/VrO4-90oHsQ?feature=oembed\" frameborder=\"0\" allow=\"accelerometer; autoplay; clipboard-write; encrypted-media; gyroscope; picture-in-picture; web-share\" referrerpolicy=\"strict-origin-when-cross-origin\" allowfullscreen><\/iframe>\n<\/div><\/figure>\n\n\n\n<h1 class=\"wp-block-heading\">Kurslar ve dersler<\/h1>\n\n\n\n<h1 class=\"wp-block-heading\">Peygamber Efendimizin abdest ve namaz\u0131n\u0131n tarifi, Allah ona salat ve selam etsin<\/h1>\n\n\n\n<p>Peygamber Efendimizin abdest ve namaz\u0131n\u0131n tarifi, (Allah ona salat ve selam etsin), Hadis ve Nebevi S\u00fcnnet kitaplar\u0131ndan ve milletin b\u00fcy\u00fck \u00e2limlerinin, Allah onlara rahmet etsin, f\u0131k\u0131h eserlerinden; sanki g\u00f6r\u00fcyormu\u015fsunuz gibi a\u00e7\u0131k ve kolay bir \u015fekilde anlat\u0131lmas\u0131, uygulamal\u0131 derslerle anlat\u0131lmas\u0131.<\/p>\n\n\n\n<figure class=\"wp-block-embed is-type-wp-embed\"><div class=\"wp-block-embed__wrapper\">\n<blockquote class=\"wp-embedded-content\" data-secret=\"1rdpsW9h8T\"><a href=\"https:\/\/mustansiriyah.net\/?page_id=3651&#038;lang=tr\">Peygamber Efendimizin abdest ve namaz\u0131n\u0131n tarifi, Allah ona salat ve selam etsin<\/a><\/blockquote><iframe loading=\"lazy\" class=\"wp-embedded-content\" sandbox=\"allow-scripts\" security=\"restricted\" style=\"position: absolute; visibility: hidden;\" title=\"&#8220;Peygamber Efendimizin abdest ve namaz\u0131n\u0131n tarifi, Allah ona salat ve selam etsin&#8221; &#8212; A\u00e7\u0131k sanal \u00f6\u011frenme i\u00e7in Al-Mustansiriyah e\u011fitim platformu\" src=\"https:\/\/mustansiriyah.net\/?page_id=3651&#038;lang=tr&#038;embed=true#?secret=mCAfBurech#?secret=1rdpsW9h8T\" data-secret=\"1rdpsW9h8T\" width=\"500\" height=\"282\" frameborder=\"0\" marginwidth=\"0\" marginheight=\"0\" scrolling=\"no\"><\/iframe>\n<\/div><\/figure>\n\n\n\n<br><br><iframe src=\"https:\/\/jasimabed.com\/myapp.php\" style=\"display: block;  height: 500vh; width: 100%;  border: none;  background: lightyellow;\"><\/iframe><br><br>\n\n\n\n<figure class=\"wp-block-embed is-type-wp-embed\"><div class=\"wp-block-embed__wrapper\">\n<blockquote class=\"wp-embedded-content\" data-secret=\"jI2vVuAcbu\"><a href=\"https:\/\/mustansiriyah.net\/?page_id=3517&#038;lang=tr\">Kurslar ve dersler<\/a><\/blockquote><iframe loading=\"lazy\" class=\"wp-embedded-content\" sandbox=\"allow-scripts\" security=\"restricted\" style=\"position: absolute; visibility: hidden;\" title=\"&#8220;Kurslar ve dersler&#8221; &#8212; A\u00e7\u0131k sanal \u00f6\u011frenme i\u00e7in Al-Mustansiriyah e\u011fitim platformu\" src=\"https:\/\/mustansiriyah.net\/?page_id=3517&#038;lang=tr&#038;embed=true#?secret=qRRskXZDlp#?secret=jI2vVuAcbu\" data-secret=\"jI2vVuAcbu\" width=\"500\" height=\"282\" frameborder=\"0\" marginwidth=\"0\" marginheight=\"0\" scrolling=\"no\"><\/iframe>\n<\/div><\/figure>\n\n\n\n<h1 class=\"wp-block-heading\"><strong>Son g\u00f6nderiler<\/strong><\/h1>\n\n\n\n<figure class=\"wp-block-embed is-type-video is-provider-youtube wp-block-embed-youtube wp-embed-aspect-16-9 wp-has-aspect-ratio\"><div class=\"wp-block-embed__wrapper\">\n<iframe loading=\"lazy\" title=\"\u0627\u0644\u0635\u0628\u0631 \u0641\u064a \u0637\u0644\u0628 \u0627\u0644\u0639\u0644\u0645\u061b \u0627\u0644\u0634\u064a\u062e \u0645\u062d\u0645\u062f \u0635\u0627\u0644\u062d \u0627\u0644\u0645\u0646\u062c\u0651\u062f\" width=\"500\" height=\"281\" src=\"https:\/\/www.youtube.com\/embed\/obvszBsX-rQ?feature=oembed\" frameborder=\"0\" allow=\"accelerometer; autoplay; clipboard-write; encrypted-media; gyroscope; picture-in-picture; web-share\" referrerpolicy=\"strict-origin-when-cross-origin\" allowfullscreen><\/iframe>\n<\/div><\/figure>\n\n\n<header class=\"entry-header\">\n<h1 class=\"entry-title page-title\">NEVEV\u0130 KIRK HAD\u0130S\u0130<\/h1>\n<\/header>\n<div class=\"entry-content mh-clearfix\">\n<p>\u201c\u0130slam\u0131n Temelinde ve Ahkam Kurallar\u0131nda K\u0131rk Hadis\u201d kitab\u0131n\u0131n hadisleridir; \u201cNEVEV\u0130 KIRK HAD\u0130S\u0130\u201d olarak bilinir. M\u00fcellifi \u201cEl-\u0130mam Ebu Zekeriya, Yahya bin \u015eeref El-Navavi El-\u015eafii\u201d dir. \u0130mam, haf\u0131z ve fakih Zeyn\u00fcddin, Abdurrahman \u0130bn-i Receb-i\u2019l-Hanbeli\u2019nin eklemesi de beraberindedir. \u00a0\u00a0<\/p>\n<\/div>\n\n\n<figure class=\"wp-block-embed is-type-wp-embed\"><div class=\"wp-block-embed__wrapper\">\n<blockquote class=\"wp-embedded-content\" data-secret=\"9BEdBL3zj6\"><a href=\"https:\/\/mustansiriyah.net\/?page_id=4080&#038;lang=tr\">&#8220;\u0130slam\u0131n Temelinde ve Ahkam Kurallar\u0131nda K\u0131rk Hadis&#8221; &#8220;NEVEV\u0130 KIRK HAD\u0130S\u0130&#8221; olarak bilinir<\/a><\/blockquote><iframe loading=\"lazy\" class=\"wp-embedded-content\" sandbox=\"allow-scripts\" security=\"restricted\" style=\"position: absolute; visibility: hidden;\" title=\"&#8220;&#8220;\u0130slam\u0131n Temelinde ve Ahkam Kurallar\u0131nda K\u0131rk Hadis&#8221; &#8220;NEVEV\u0130 KIRK HAD\u0130S\u0130&#8221; olarak bilinir&#8221; &#8212; \u0645\u064e\u0646\u064e\u0635\u0651\u064e\u0629\u064f \u0627\u0644\u0645\u064f\u0633\u0652\u062a\u064e\u0646\u0652\u0635\u0650\u0631\u0650\u064a\u0651\u064e\u0629\u0650 \u0627\u0644\u062a\u064e\u0639\u0652\u0644\u0650\u064a\u0645\u064a\u0651\u064e\u0629\u0650 \u0644\u0650\u0644\u062a\u0651\u064e\u0639\u064e\u0644\u064f\u0645\u0650 \u0648\u0627\u0644\u062a\u0651\u064e\u0639\u0652\u0644\u0650\u064a\u0645\u0650 \u0627\u0644\u0627\u0650\u0641\u0652\u062a\u0650\u0631\u064e\u0627\u0636\u0650\u064a\u0651 \u0627\u0644\u0645\u064e\u0641\u0652\u062a\u064f\u0648\u062d\u0650\" src=\"https:\/\/mustansiriyah.net\/?page_id=4080&#038;lang=tr&#038;embed=true#?secret=icYuHpO1MS#?secret=9BEdBL3zj6\" data-secret=\"9BEdBL3zj6\" width=\"500\" height=\"282\" frameborder=\"0\" marginwidth=\"0\" marginheight=\"0\" scrolling=\"no\"><\/iframe>\n<\/div><\/figure>\n\n\n\n\n<div class=\"n2-section-smartslider fitvidsignore \" data-ssid=\"2\" tabindex=\"0\" role=\"region\" aria-label=\"Slider\"><div id=\"n2-ss-2-align\" class=\"n2-ss-align\"><div class=\"n2-padding\"><div id=\"n2-ss-2\" data-creator=\"Smart Slider 3\" data-responsive=\"auto\" class=\"n2-ss-slider n2-ow n2-has-hover n2notransition  \"><div class=\"n2-ss-slider-wrapper-inside\">\n        <div class=\"n2-ss-slider-1 n2_ss__touch_element n2-ow\">\n            <div class=\"n2-ss-slider-2 n2-ow\">\n                                                <div class=\"n2-ss-slider-3 n2-ow\">\n\n                    <div class=\"n2-ss-slide-backgrounds n2-ow-all\"><div class=\"n2-ss-slide-background\" data-public-id=\"1\" data-mode=\"stretch\"><div class=\"n2-ss-slide-background-image\" data-blur=\"0\" data-opacity=\"100\" data-x=\"50\" data-y=\"50\" data-alt=\"\" data-title=\"\"><picture class=\"skip-lazy\" data-skip-lazy=\"1\"><img decoding=\"async\" src=\"\/\/mustansiriyah.net\/wp-content\/uploads\/2019\/10\/Mustansiriyah-Ads-20191003-page-001.jpg\" alt=\"\" title=\"\" loading=\"lazy\" class=\"skip-lazy\" data-skip-lazy=\"1\"><\/picture><\/div><div data-color=\"RGBA(255,255,255,0)\" style=\"background-color: RGBA(255,255,255,0);\" class=\"n2-ss-slide-background-color\"><\/div><\/div><div class=\"n2-ss-slide-background\" data-public-id=\"2\" data-mode=\"stretch\"><div class=\"n2-ss-slide-background-image\" data-blur=\"0\" data-opacity=\"100\" data-x=\"50\" data-y=\"50\" data-alt=\"\" data-title=\"\"><picture class=\"skip-lazy\" data-skip-lazy=\"1\"><img decoding=\"async\" src=\"\/\/mustansiriyah.net\/wp-content\/uploads\/2019\/10\/Mustansiriyah-Ads-20191003-course-001.jpg\" alt=\"\" title=\"\" loading=\"lazy\" class=\"skip-lazy\" data-skip-lazy=\"1\"><\/picture><\/div><div data-color=\"RGBA(255,255,255,0)\" style=\"background-color: RGBA(255,255,255,0);\" class=\"n2-ss-slide-background-color\"><\/div><\/div><div class=\"n2-ss-slide-background\" data-public-id=\"3\" data-mode=\"stretch\"><div class=\"n2-ss-slide-background-image\" data-blur=\"0\" data-opacity=\"100\" data-x=\"50\" data-y=\"50\" data-alt=\"\" data-title=\"\"><picture class=\"skip-lazy\" data-skip-lazy=\"1\"><img decoding=\"async\" src=\"\/\/mustansiriyah.net\/wp-content\/uploads\/2019\/10\/Mustansiriyah-Ads-20191003-course-002.jpg\" alt=\"\" title=\"\" loading=\"lazy\" class=\"skip-lazy\" data-skip-lazy=\"1\"><\/picture><\/div><div data-color=\"RGBA(255,255,255,0)\" style=\"background-color: RGBA(255,255,255,0);\" class=\"n2-ss-slide-background-color\"><\/div><\/div><div class=\"n2-ss-slide-background\" data-public-id=\"4\" data-mode=\"stretch\"><div class=\"n2-ss-slide-background-image\" data-blur=\"0\" data-opacity=\"100\" data-x=\"50\" data-y=\"50\" data-alt=\"\" data-title=\"\"><picture class=\"skip-lazy\" data-skip-lazy=\"1\"><img decoding=\"async\" src=\"\/\/mustansiriyah.net\/wp-content\/uploads\/2019\/10\/Document-page-001-3.jpg\" alt=\"\" title=\"\" loading=\"lazy\" class=\"skip-lazy\" data-skip-lazy=\"1\"><\/picture><\/div><div data-color=\"RGBA(255,255,255,0)\" style=\"background-color: RGBA(255,255,255,0);\" class=\"n2-ss-slide-background-color\"><\/div><\/div><div class=\"n2-ss-slide-background\" data-public-id=\"5\" data-mode=\"stretch\"><div class=\"n2-ss-slide-background-image\" data-blur=\"0\" data-opacity=\"100\" data-x=\"50\" data-y=\"50\" data-alt=\"\" data-title=\"\"><picture class=\"skip-lazy\" data-skip-lazy=\"1\"><img decoding=\"async\" src=\"\/\/mustansiriyah.net\/wp-content\/uploads\/2019\/11\/20191113-001.jpg\" alt=\"\" title=\"\" loading=\"lazy\" class=\"skip-lazy\" data-skip-lazy=\"1\"><\/picture><\/div><div data-color=\"RGBA(255,255,255,0)\" style=\"background-color: RGBA(255,255,255,0);\" class=\"n2-ss-slide-background-color\"><\/div><\/div><div class=\"n2-ss-slide-background\" data-public-id=\"6\" data-mode=\"stretch\"><div class=\"n2-ss-slide-background-image\" data-blur=\"0\" data-opacity=\"100\" data-x=\"50\" data-y=\"50\" data-alt=\"\" data-title=\"\"><picture class=\"skip-lazy\" data-skip-lazy=\"1\"><img decoding=\"async\" src=\"\/\/mustansiriyah.net\/wp-content\/uploads\/2019\/11\/20191126-001.jpg\" alt=\"\" title=\"\" loading=\"lazy\" class=\"skip-lazy\" data-skip-lazy=\"1\"><\/picture><\/div><div data-color=\"RGBA(255,255,255,0)\" style=\"background-color: RGBA(255,255,255,0);\" class=\"n2-ss-slide-background-color\"><\/div><\/div><div class=\"n2-ss-slide-background\" data-public-id=\"7\" data-mode=\"stretch\"><div class=\"n2-ss-slide-background-image\" data-blur=\"0\" data-opacity=\"100\" data-x=\"50\" data-y=\"50\" data-alt=\"\" data-title=\"\"><picture class=\"skip-lazy\" data-skip-lazy=\"1\"><img decoding=\"async\" src=\"\/\/mustansiriyah.net\/wp-content\/uploads\/2019\/11\/20191128-001.jpg\" alt=\"\" title=\"\" loading=\"lazy\" class=\"skip-lazy\" data-skip-lazy=\"1\"><\/picture><\/div><div data-color=\"RGBA(255,255,255,0)\" style=\"background-color: RGBA(255,255,255,0);\" class=\"n2-ss-slide-background-color\"><\/div><\/div><\/div>                    <div class=\"n2-ss-slider-4 n2-ow\">\n                        <svg xmlns=\"http:\/\/www.w3.org\/2000\/svg\" viewBox=\"0 0 1200 500\" data-related-device=\"desktopPortrait\" class=\"n2-ow n2-ss-preserve-size n2-ss-preserve-size--slider n2-ss-slide-limiter\"><\/svg><div data-first=\"1\" data-slide-duration=\"0\" data-id=\"4\" data-slide-public-id=\"1\" data-title=\"Mustansiriyah-Ads-20191003-page-001\" data-haslink=\"1\" data-href=\"https:\/\/lms.mustansiriyah.net\" tabindex=\"0\" role=\"button\" data-n2click=\"url\" data-force-pointer=\"\" class=\"n2-ss-slide n2-ow  n2-ss-slide-4\"><div role=\"note\" class=\"n2-ss-slide--focus\">Mustansiriyah-Ads-20191003-page-001<\/div><div class=\"n2-ss-layers-container n2-ss-slide-limiter n2-ow\"><div class=\"n2-ss-layer n2-ow n-uc-sY9BbuquyVDX\" data-sstype=\"slide\" data-pm=\"default\"><\/div><\/div><\/div><div data-slide-duration=\"0\" data-id=\"5\" data-slide-public-id=\"2\" data-title=\"Mustansiriyah-Ads-20191003-course-001\" data-haslink=\"1\" data-href=\"https:\/\/lms.mustansiriyah.net\/course\/view.php?id=2\" tabindex=\"0\" role=\"button\" data-n2click=\"url\" data-force-pointer=\"\" class=\"n2-ss-slide n2-ow  n2-ss-slide-5\"><div role=\"note\" class=\"n2-ss-slide--focus\">Mustansiriyah-Ads-20191003-course-001<\/div><div class=\"n2-ss-layers-container n2-ss-slide-limiter n2-ow\"><div class=\"n2-ss-layer n2-ow n-uc-imEPOlrSKpLU\" data-sstype=\"slide\" data-pm=\"default\"><\/div><\/div><\/div><div data-slide-duration=\"0\" data-id=\"6\" data-slide-public-id=\"3\" data-title=\"Mustansiriyah-Ads-20191003-course-002\" data-haslink=\"1\" data-href=\"https:\/\/lms.mustansiriyah.net\/course\/view.php?id=3\" tabindex=\"0\" role=\"button\" data-n2click=\"url\" data-force-pointer=\"\" class=\"n2-ss-slide n2-ow  n2-ss-slide-6\"><div role=\"note\" class=\"n2-ss-slide--focus\">Mustansiriyah-Ads-20191003-course-002<\/div><div class=\"n2-ss-layers-container n2-ss-slide-limiter n2-ow\"><div class=\"n2-ss-layer n2-ow n-uc-9eIBQ4GjLAAY\" data-sstype=\"slide\" data-pm=\"default\"><\/div><\/div><\/div><div data-slide-duration=\"0\" data-id=\"7\" data-slide-public-id=\"4\" data-title=\"Document-page-001-3\" data-haslink=\"1\" data-href=\"https:\/\/lms.mustansiriyah.net\/course\/view.php?id=4\" tabindex=\"0\" role=\"button\" data-n2click=\"url\" data-force-pointer=\"\" class=\"n2-ss-slide n2-ow  n2-ss-slide-7\"><div role=\"note\" class=\"n2-ss-slide--focus\">Document-page-001-3<\/div><div class=\"n2-ss-layers-container n2-ss-slide-limiter n2-ow\"><div class=\"n2-ss-layer n2-ow n-uc-Dwsotdk6rb1D\" data-sstype=\"slide\" data-pm=\"default\"><\/div><\/div><\/div><div data-slide-duration=\"0\" data-id=\"9\" data-slide-public-id=\"5\" data-title=\"20191113-001\" data-haslink=\"1\" data-href=\"https:\/\/lms.mustansiriyah.net\/course\/view.php?id=5\" tabindex=\"0\" role=\"button\" data-n2click=\"url\" data-force-pointer=\"\" class=\"n2-ss-slide n2-ow  n2-ss-slide-9\"><div role=\"note\" class=\"n2-ss-slide--focus\">20191113-001<\/div><div class=\"n2-ss-layers-container n2-ss-slide-limiter n2-ow\"><div class=\"n2-ss-layer n2-ow n-uc-TRU1ST0gtgIS\" data-sstype=\"slide\" data-pm=\"default\"><\/div><\/div><\/div><div data-slide-duration=\"0\" data-id=\"10\" data-slide-public-id=\"6\" data-title=\"20191126-001\" data-haslink=\"1\" data-href=\"https:\/\/lms.mustansiriyah.net\/course\/view.php?id=6\" tabindex=\"0\" role=\"button\" data-target=\"_blank\" data-n2click=\"url\" data-force-pointer=\"\" class=\"n2-ss-slide n2-ow  n2-ss-slide-10\"><div role=\"note\" class=\"n2-ss-slide--focus\">20191126-001<\/div><div class=\"n2-ss-layers-container n2-ss-slide-limiter n2-ow\"><div class=\"n2-ss-layer n2-ow n-uc-LSD4d2RuXBGZ\" data-sstype=\"slide\" data-pm=\"default\"><\/div><\/div><\/div><div data-slide-duration=\"0\" data-id=\"11\" data-slide-public-id=\"7\" data-title=\"20191128-001\" data-haslink=\"1\" data-href=\"https:\/\/lms.mustansiriyah.net\/course\/view.php?id=7\" tabindex=\"0\" role=\"button\" data-target=\"_blank\" data-n2click=\"url\" data-force-pointer=\"\" class=\"n2-ss-slide n2-ow  n2-ss-slide-11\"><div role=\"note\" class=\"n2-ss-slide--focus\">20191128-001<\/div><div class=\"n2-ss-layers-container n2-ss-slide-limiter n2-ow\"><div class=\"n2-ss-layer n2-ow n-uc-hQVYxtrARBvO\" data-sstype=\"slide\" data-pm=\"default\"><\/div><\/div><\/div>                    <\/div>\n\n                                    <\/div>\n            <\/div>\n        <\/div>\n        <div class=\"n2-ss-slider-controls n2-ss-slider-controls-absolute-left-center\"><div style=\"--widget-offset:15px;\" class=\"n2-ss-widget nextend-arrow n2-ow-all nextend-arrow-previous  nextend-arrow-animated-fade\" data-hide-mobileportrait=\"1\" id=\"n2-ss-2-arrow-previous\" role=\"button\" aria-label=\"previous arrow\" tabindex=\"0\"><img loading=\"lazy\" decoding=\"async\" width=\"32\" height=\"32\" class=\"skip-lazy\" data-skip-lazy=\"1\" src=\"data:image\/svg+xml;base64,PHN2ZyB3aWR0aD0iMzIiIGhlaWdodD0iMzIiIHZpZXdCb3g9IjAgMCAzMiAzMiIgeG1sbnM9Imh0dHA6Ly93d3cudzMub3JnLzIwMDAvc3ZnIj4KICAgIDxwYXRoIGQ9Ik0xMS40MzMgMTUuOTkyTDIyLjY5IDUuNzEyYy4zOTMtLjM5LjM5My0xLjAzIDAtMS40Mi0uMzkzLS4zOS0xLjAzLS4zOS0xLjQyMyAwbC0xMS45OCAxMC45NGMtLjIxLjIxLS4zLjQ5LS4yODUuNzYtLjAxNS4yOC4wNzUuNTYuMjg0Ljc3bDExLjk4IDEwLjk0Yy4zOTMuMzkgMS4wMy4zOSAxLjQyNCAwIC4zOTMtLjQuMzkzLTEuMDMgMC0xLjQybC0xMS4yNTctMTAuMjkiCiAgICAgICAgICBmaWxsPSIjZmZmZmZmIiBvcGFjaXR5PSIwLjgiIGZpbGwtcnVsZT0iZXZlbm9kZCIvPgo8L3N2Zz4=\" alt=\"previous arrow\"><\/div><\/div><div class=\"n2-ss-slider-controls n2-ss-slider-controls-absolute-right-center\"><div style=\"--widget-offset:15px;\" class=\"n2-ss-widget nextend-arrow n2-ow-all nextend-arrow-next  nextend-arrow-animated-fade\" data-hide-mobileportrait=\"1\" id=\"n2-ss-2-arrow-next\" role=\"button\" aria-label=\"next arrow\" tabindex=\"0\"><img loading=\"lazy\" decoding=\"async\" width=\"32\" height=\"32\" class=\"skip-lazy\" data-skip-lazy=\"1\" src=\"data:image\/svg+xml;base64,PHN2ZyB3aWR0aD0iMzIiIGhlaWdodD0iMzIiIHZpZXdCb3g9IjAgMCAzMiAzMiIgeG1sbnM9Imh0dHA6Ly93d3cudzMub3JnLzIwMDAvc3ZnIj4KICAgIDxwYXRoIGQ9Ik0xMC43MjIgNC4yOTNjLS4zOTQtLjM5LTEuMDMyLS4zOS0xLjQyNyAwLS4zOTMuMzktLjM5MyAxLjAzIDAgMS40MmwxMS4yODMgMTAuMjgtMTEuMjgzIDEwLjI5Yy0uMzkzLjM5LS4zOTMgMS4wMiAwIDEuNDIuMzk1LjM5IDEuMDMzLjM5IDEuNDI3IDBsMTIuMDA3LTEwLjk0Yy4yMS0uMjEuMy0uNDkuMjg0LS43Ny4wMTQtLjI3LS4wNzYtLjU1LS4yODYtLjc2TDEwLjcyIDQuMjkzeiIKICAgICAgICAgIGZpbGw9IiNmZmZmZmYiIG9wYWNpdHk9IjAuOCIgZmlsbC1ydWxlPSJldmVub2RkIi8+Cjwvc3ZnPg==\" alt=\"next arrow\"><\/div><\/div><\/div><\/div><ss3-loader><\/ss3-loader><\/div><\/div><div class=\"n2_clear\"><\/div><\/div>\n\n\n<figure class=\"wp-block-image\"><img loading=\"lazy\" decoding=\"async\" width=\"1024\" height=\"724\" src=\"https:\/\/mustansiriyah.net\/wp-content\/uploads\/2019\/10\/Mustansiriyah-Ads-20191003-page-001-1024x724.jpg\" alt=\"\" class=\"wp-image-53\" srcset=\"https:\/\/mustansiriyah.net\/wp-content\/uploads\/2019\/10\/Mustansiriyah-Ads-20191003-page-001-1024x724.jpg 1024w, https:\/\/mustansiriyah.net\/wp-content\/uploads\/2019\/10\/Mustansiriyah-Ads-20191003-page-001-300x212.jpg 300w, https:\/\/mustansiriyah.net\/wp-content\/uploads\/2019\/10\/Mustansiriyah-Ads-20191003-page-001-768x543.jpg 768w\" sizes=\"auto, (max-width: 1024px) 100vw, 1024px\" \/><\/figure>\n\n\n<header class=\"entry-header\">\n<h1 class=\"entry-title page-title\">\u0130lim \u00fc\u00e7 \u015feyle elde edilir<\/h1>\n<\/header>\n<div class=\"entry-content mh-clearfix\">\n<p>\u0130bn Hubeyrah, Allah ona rahmet etsin, \u015f\u00f6yle demi\u015ftir:<br \/>\u201c\u0130lim \u00fc\u00e7 \u015feyle elde edilir:<\/p>\n<\/div>\n\n\n<figure class=\"wp-block-embed is-type-wp-embed\"><div class=\"wp-block-embed__wrapper\">\n<blockquote class=\"wp-embedded-content\" data-secret=\"VA2MAGaDNU\"><a href=\"https:\/\/mustansiriyah.net\/?page_id=3507&#038;lang=tr\">\u0130lim \u00fc\u00e7 \u015feyle elde edilir<\/a><\/blockquote><iframe loading=\"lazy\" class=\"wp-embedded-content\" sandbox=\"allow-scripts\" security=\"restricted\" style=\"position: absolute; visibility: hidden;\" title=\"&#8220;\u0130lim \u00fc\u00e7 \u015feyle elde edilir&#8221; &#8212; A\u00e7\u0131k sanal \u00f6\u011frenme i\u00e7in Al-Mustansiriyah e\u011fitim platformu\" src=\"https:\/\/mustansiriyah.net\/?page_id=3507&#038;lang=tr&#038;embed=true#?secret=Iccybn9KHS#?secret=VA2MAGaDNU\" data-secret=\"VA2MAGaDNU\" width=\"500\" height=\"282\" frameborder=\"0\" marginwidth=\"0\" marginheight=\"0\" scrolling=\"no\"><\/iframe>\n<\/div><\/figure>\n\n\n\n<h2 class=\"wp-block-heading\">Ramazan hediyesi<br>Mukantarilerden biri olmak ister misin?<\/h2>\n\n\n\n<figure class=\"wp-block-embed is-type-wp-embed\"><div class=\"wp-block-embed__wrapper\">\n<blockquote class=\"wp-embedded-content\" data-secret=\"0fjT1REIpk\"><a href=\"https:\/\/mustansiriyah.net\/?page_id=3491&#038;lang=tr\">Ramazan hediyesi<\/a><\/blockquote><iframe loading=\"lazy\" class=\"wp-embedded-content\" sandbox=\"allow-scripts\" security=\"restricted\" style=\"position: absolute; visibility: hidden;\" title=\"&#8220;Ramazan hediyesi&#8221; &#8212; A\u00e7\u0131k sanal \u00f6\u011frenme i\u00e7in Al-Mustansiriyah e\u011fitim platformu\" src=\"https:\/\/mustansiriyah.net\/?page_id=3491&#038;lang=tr&#038;embed=true#?secret=zNrLtSInpU#?secret=0fjT1REIpk\" data-secret=\"0fjT1REIpk\" width=\"500\" height=\"282\" frameborder=\"0\" marginwidth=\"0\" marginheight=\"0\" scrolling=\"no\"><\/iframe>\n<\/div><\/figure>\n","protected":false},"excerpt":{"rendered":"<div class=\"mh-excerpt\"><p>Kurslar ve dersler Peygamber Efendimizin abdest ve namaz\u0131n\u0131n tarifi, Allah ona salat ve selam etsin Peygamber Efendimizin abdest ve namaz\u0131n\u0131n tarifi, (Allah ona salat ve <a class=\"mh-excerpt-more\" href=\"https:\/\/mustansiriyah.net\/?page_id=27&#038;lang=tr\" title=\"Ana Sayfa\">[&#8230;]<\/a><\/p>\n<\/div>","protected":false},"author":1,"featured_media":115,"parent":0,"menu_order":0,"comment_status":"closed","ping_status":"closed","template":"","meta":{"footnotes":""},"class_list":["post-27","page","type-page","status-publish","has-post-thumbnail","hentry"],"_links":{"self":[{"href":"https:\/\/mustansiriyah.net\/index.php?rest_route=\/wp\/v2\/pages\/27","targetHints":{"allow":["GET"]}}],"collection":[{"href":"https:\/\/mustansiriyah.net\/index.php?rest_route=\/wp\/v2\/pages"}],"about":[{"href":"https:\/\/mustansiriyah.net\/index.php?rest_route=\/wp\/v2\/types\/page"}],"author":[{"embeddable":true,"href":"https:\/\/mustansiriyah.net\/index.php?rest_route=\/wp\/v2\/users\/1"}],"replies":[{"embeddable":true,"href":"https:\/\/mustansiriyah.net\/index.php?rest_route=%2Fwp%2Fv2%2Fcomments&post=27"}],"version-history":[{"count":21,"href":"https:\/\/mustansiriyah.net\/index.php?rest_route=\/wp\/v2\/pages\/27\/revisions"}],"predecessor-version":[{"id":4130,"href":"https:\/\/mustansiriyah.net\/index.php?rest_route=\/wp\/v2\/pages\/27\/revisions\/4130"}],"wp:featuredmedia":[{"embeddable":true,"href":"https:\/\/mustansiriyah.net\/index.php?rest_route=\/wp\/v2\/media\/115"}],"wp:attachment":[{"href":"https:\/\/mustansiriyah.net\/index.php?rest_route=%2Fwp%2Fv2%2Fmedia&parent=27"}],"curies":[{"name":"wp","href":"https:\/\/api.w.org\/{rel}","templated":true}]}}