{"id":3453,"date":"2024-08-28T16:21:36","date_gmt":"2024-08-28T13:21:36","guid":{"rendered":"https:\/\/mustansiriyah.net\/?page_id=3453"},"modified":"2024-08-28T16:23:40","modified_gmt":"2024-08-28T13:23:40","slug":"hadi-vaizler-islami-yaymada-yarisalim-ve-iyi-amelleri-kazanalim","status":"publish","type":"page","link":"https:\/\/mustansiriyah.net\/?page_id=3453&lang=tr","title":{"rendered":"Hadi vaizler; \u0130slam&#8217;\u0131 yaymada yar\u0131\u015fal\u0131m ve iyi amelleri kazanal\u0131m"},"content":{"rendered":"","protected":false},"excerpt":{"rendered":"<div class=\"mh-excerpt\"><\/div>","protected":false},"author":1,"featured_media":516,"parent":0,"menu_order":0,"comment_status":"closed","ping_status":"closed","template":"","meta":{"footnotes":""},"class_list":["post-3453","page","type-page","status-publish","has-post-thumbnail","hentry"],"_links":{"self":[{"href":"https:\/\/mustansiriyah.net\/index.php?rest_route=\/wp\/v2\/pages\/3453","targetHints":{"allow":["GET"]}}],"collection":[{"href":"https:\/\/mustansiriyah.net\/index.php?rest_route=\/wp\/v2\/pages"}],"about":[{"href":"https:\/\/mustansiriyah.net\/index.php?rest_route=\/wp\/v2\/types\/page"}],"author":[{"embeddable":true,"href":"https:\/\/mustansiriyah.net\/index.php?rest_route=\/wp\/v2\/users\/1"}],"replies":[{"embeddable":true,"href":"https:\/\/mustansiriyah.net\/index.php?rest_route=%2Fwp%2Fv2%2Fcomments&post=3453"}],"version-history":[{"count":2,"href":"https:\/\/mustansiriyah.net\/index.php?rest_route=\/wp\/v2\/pages\/3453\/revisions"}],"predecessor-version":[{"id":3455,"href":"https:\/\/mustansiriyah.net\/index.php?rest_route=\/wp\/v2\/pages\/3453\/revisions\/3455"}],"wp:featuredmedia":[{"embeddable":true,"href":"https:\/\/mustansiriyah.net\/index.php?rest_route=\/wp\/v2\/media\/516"}],"wp:attachment":[{"href":"https:\/\/mustansiriyah.net\/index.php?rest_route=%2Fwp%2Fv2%2Fmedia&parent=3453"}],"curies":[{"name":"wp","href":"https:\/\/api.w.org\/{rel}","templated":true}]}}