{"id":3507,"date":"2024-08-28T21:38:49","date_gmt":"2024-08-28T18:38:49","guid":{"rendered":"https:\/\/mustansiriyah.net\/?page_id=3507"},"modified":"2024-08-28T21:38:59","modified_gmt":"2024-08-28T18:38:59","slug":"ilim-uc-seyle-elde-edilir","status":"publish","type":"page","link":"https:\/\/mustansiriyah.net\/?page_id=3507&lang=tr","title":{"rendered":"\u0130lim \u00fc\u00e7 \u015feyle elde edilir"},"content":{"rendered":"\n<p>\u0130bn Hubeyrah, Allah ona rahmet etsin, \u015f\u00f6yle demi\u015ftir:<br>\u201c\u0130lim \u00fc\u00e7 \u015feyle elde edilir:<br>Birincisi: Onunla amel etmek, zira Arap\u00e7a konu\u015fmakla kendini y\u00fck\u00fcml\u00fc k\u0131lan kimse grameri ezberlemeye y\u00f6nlendirilir ve \u015feriat\u0131n gereklerine g\u00f6re amel etmek i\u00e7in problemler hakk\u0131nda soru soran kimse \u00f6\u011frenir.<br>\u0130kincisi: \u00d6\u011fretmek, zira insanlara \u00f6\u011fretirse, \u00f6\u011frenmesi daha muhtemel olur.<br>\u00dc\u00e7\u00fcnc\u00fcs\u00fc: S\u0131n\u0131fland\u0131rmak, zira onu ara\u015ft\u0131rmaya g\u00f6t\u00fcr\u00fcr ve s\u0131n\u0131fland\u0131rd\u0131\u011f\u0131 bilginin derinli\u011fini kavramam\u0131\u015f biri i\u00e7in s\u0131n\u0131fland\u0131rma m\u00fcmk\u00fcn de\u011fildir.\u201d<\/p>\n","protected":false},"excerpt":{"rendered":"<div class=\"mh-excerpt\"><p>\u0130bn Hubeyrah, Allah ona rahmet etsin, \u015f\u00f6yle demi\u015ftir:\u201c\u0130lim \u00fc\u00e7 \u015feyle elde edilir:Birincisi: Onunla amel etmek, zira Arap\u00e7a konu\u015fmakla kendini y\u00fck\u00fcml\u00fc k\u0131lan kimse grameri ezberlemeye y\u00f6nlendirilir <a class=\"mh-excerpt-more\" href=\"https:\/\/mustansiriyah.net\/?page_id=3507&#038;lang=tr\" title=\"\u0130lim \u00fc\u00e7 \u015feyle elde edilir\">[&#8230;]<\/a><\/p>\n<\/div>","protected":false},"author":1,"featured_media":3506,"parent":0,"menu_order":0,"comment_status":"closed","ping_status":"closed","template":"","meta":{"footnotes":""},"class_list":["post-3507","page","type-page","status-publish","has-post-thumbnail","hentry"],"_links":{"self":[{"href":"https:\/\/mustansiriyah.net\/index.php?rest_route=\/wp\/v2\/pages\/3507","targetHints":{"allow":["GET"]}}],"collection":[{"href":"https:\/\/mustansiriyah.net\/index.php?rest_route=\/wp\/v2\/pages"}],"about":[{"href":"https:\/\/mustansiriyah.net\/index.php?rest_route=\/wp\/v2\/types\/page"}],"author":[{"embeddable":true,"href":"https:\/\/mustansiriyah.net\/index.php?rest_route=\/wp\/v2\/users\/1"}],"replies":[{"embeddable":true,"href":"https:\/\/mustansiriyah.net\/index.php?rest_route=%2Fwp%2Fv2%2Fcomments&post=3507"}],"version-history":[{"count":1,"href":"https:\/\/mustansiriyah.net\/index.php?rest_route=\/wp\/v2\/pages\/3507\/revisions"}],"predecessor-version":[{"id":3508,"href":"https:\/\/mustansiriyah.net\/index.php?rest_route=\/wp\/v2\/pages\/3507\/revisions\/3508"}],"wp:featuredmedia":[{"embeddable":true,"href":"https:\/\/mustansiriyah.net\/index.php?rest_route=\/wp\/v2\/media\/3506"}],"wp:attachment":[{"href":"https:\/\/mustansiriyah.net\/index.php?rest_route=%2Fwp%2Fv2%2Fmedia&parent=3507"}],"curies":[{"name":"wp","href":"https:\/\/api.w.org\/{rel}","templated":true}]}}