{"id":3523,"date":"2024-08-28T22:25:01","date_gmt":"2024-08-28T19:25:01","guid":{"rendered":"https:\/\/mustansiriyah.net\/?page_id=3523"},"modified":"2024-09-18T22:48:29","modified_gmt":"2024-09-18T19:48:29","slug":"ogretim-personeli-ve-ogretim-gorevlileri","status":"publish","type":"page","link":"https:\/\/mustansiriyah.net\/?page_id=3523&lang=tr","title":{"rendered":"\u00d6\u011fretim personeli ve \u00f6\u011fretim g\u00f6revlileri"},"content":{"rendered":"\n<h1 class=\"wp-block-heading\">\u015eeyh Osman el-Hamis<\/h1>\n\n\n\n<figure class=\"wp-block-image\"><img decoding=\"async\" src=\"https:\/\/mustansiriyah.net\/wp-content\/uploads\/2019\/10\/40893814_472113786619791_5876197533662838784_n.jpg\" alt=\"\"\/><\/figure>\n\n\n\n<figure class=\"wp-block-embed is-type-wp-embed\"><div class=\"wp-block-embed__wrapper\">\n<blockquote class=\"wp-embedded-content\" data-secret=\"Fy7DpgRN8A\"><a href=\"https:\/\/mustansiriyah.net\/?page_id=3744&#038;lang=tr\">\u015eeyh Osman el-Hamis<\/a><\/blockquote><iframe loading=\"lazy\" class=\"wp-embedded-content\" sandbox=\"allow-scripts\" security=\"restricted\" style=\"position: absolute; visibility: hidden;\" title=\"&#8220;\u015eeyh Osman el-Hamis&#8221; &#8212; A\u00e7\u0131k sanal \u00f6\u011frenme i\u00e7in Al-Mustansiriyah e\u011fitim platformu\" src=\"https:\/\/mustansiriyah.net\/?page_id=3744&#038;lang=tr&#038;embed=true#?secret=wYMzxoOLEA#?secret=Fy7DpgRN8A\" data-secret=\"Fy7DpgRN8A\" width=\"500\" height=\"282\" frameborder=\"0\" marginwidth=\"0\" marginheight=\"0\" scrolling=\"no\"><\/iframe>\n<\/div><\/figure>\n","protected":false},"excerpt":{"rendered":"<div class=\"mh-excerpt\"><p>\u015eeyh Osman el-Hamis<\/p>\n<\/div>","protected":false},"author":1,"featured_media":3521,"parent":0,"menu_order":0,"comment_status":"closed","ping_status":"closed","template":"","meta":{"footnotes":""},"class_list":["post-3523","page","type-page","status-publish","has-post-thumbnail","hentry"],"_links":{"self":[{"href":"https:\/\/mustansiriyah.net\/index.php?rest_route=\/wp\/v2\/pages\/3523","targetHints":{"allow":["GET"]}}],"collection":[{"href":"https:\/\/mustansiriyah.net\/index.php?rest_route=\/wp\/v2\/pages"}],"about":[{"href":"https:\/\/mustansiriyah.net\/index.php?rest_route=\/wp\/v2\/types\/page"}],"author":[{"embeddable":true,"href":"https:\/\/mustansiriyah.net\/index.php?rest_route=\/wp\/v2\/users\/1"}],"replies":[{"embeddable":true,"href":"https:\/\/mustansiriyah.net\/index.php?rest_route=%2Fwp%2Fv2%2Fcomments&post=3523"}],"version-history":[{"count":2,"href":"https:\/\/mustansiriyah.net\/index.php?rest_route=\/wp\/v2\/pages\/3523\/revisions"}],"predecessor-version":[{"id":3750,"href":"https:\/\/mustansiriyah.net\/index.php?rest_route=\/wp\/v2\/pages\/3523\/revisions\/3750"}],"wp:featuredmedia":[{"embeddable":true,"href":"https:\/\/mustansiriyah.net\/index.php?rest_route=\/wp\/v2\/media\/3521"}],"wp:attachment":[{"href":"https:\/\/mustansiriyah.net\/index.php?rest_route=%2Fwp%2Fv2%2Fmedia&parent=3523"}],"curies":[{"name":"wp","href":"https:\/\/api.w.org\/{rel}","templated":true}]}}