{"id":3535,"date":"2024-08-28T22:40:38","date_gmt":"2024-08-28T19:40:38","guid":{"rendered":"https:\/\/mustansiriyah.net\/?page_id=3535"},"modified":"2024-10-26T19:48:38","modified_gmt":"2024-10-26T16:48:38","slug":"al-mustansiriya-egitim-platformu-hakkinda","status":"publish","type":"page","link":"https:\/\/mustansiriyah.net\/?page_id=3535&lang=tr","title":{"rendered":"Al-Mustansiriya e\u011fitim platformu hakk\u0131nda"},"content":{"rendered":"\n<ul class=\"wp-block-list\">\n<li><a href=\"https:\/\/mustansiriyah.net\/?page_id=3900&amp;lang=tr\">Neden El-Mustansiriye E\u011fitim Platformu?<\/a><\/li>\n<\/ul>\n\n\n\n<figure class=\"wp-block-embed is-type-wp-embed\"><div class=\"wp-block-embed__wrapper\">\n<blockquote class=\"wp-embedded-content\" data-secret=\"HeYVE6daKs\"><a href=\"https:\/\/mustansiriyah.net\/?page_id=3900&#038;lang=tr\">Neden El-Mustansiriye E\u011fitim Platformu?<\/a><\/blockquote><iframe loading=\"lazy\" class=\"wp-embedded-content\" sandbox=\"allow-scripts\" security=\"restricted\" style=\"position: absolute; visibility: hidden;\" title=\"&#8220;Neden El-Mustansiriye E\u011fitim Platformu?&#8221; &#8212; A\u00e7\u0131k sanal \u00f6\u011frenme i\u00e7in Al-Mustansiriyah e\u011fitim platformu\" src=\"https:\/\/mustansiriyah.net\/?page_id=3900&#038;lang=tr&#038;embed=true#?secret=rwMlrqJpMF#?secret=HeYVE6daKs\" data-secret=\"HeYVE6daKs\" width=\"500\" height=\"282\" frameborder=\"0\" marginwidth=\"0\" marginheight=\"0\" scrolling=\"no\"><\/iframe>\n<\/div><\/figure>\n\n\n\n<ul class=\"wp-block-list\">\n<li><a href=\"https:\/\/mustansiriyah.net\/?page_id=3544&amp;lang=tr\">AL-MUSTANS\u0130R\u0130YAH E\u011e\u0130T\u0130M PLATFORM HAKKINDA<\/a><\/li>\n<\/ul>\n\n\n\n<figure class=\"wp-block-embed is-type-wp-embed\"><div class=\"wp-block-embed__wrapper\">\n<blockquote class=\"wp-embedded-content\" data-secret=\"RCatW67c8P\"><a href=\"https:\/\/mustansiriyah.net\/?page_id=3544&#038;lang=tr\">AL-MUSTANS\u0130R\u0130YAH E\u011e\u0130T\u0130M PLATFORM HAKKINDA<\/a><\/blockquote><iframe loading=\"lazy\" class=\"wp-embedded-content\" sandbox=\"allow-scripts\" security=\"restricted\" style=\"position: absolute; visibility: hidden;\" title=\"&#8220;AL-MUSTANS\u0130R\u0130YAH E\u011e\u0130T\u0130M PLATFORM HAKKINDA&#8221; &#8212; A\u00e7\u0131k sanal \u00f6\u011frenme i\u00e7in Al-Mustansiriyah e\u011fitim platformu\" src=\"https:\/\/mustansiriyah.net\/?page_id=3544&#038;lang=tr&#038;embed=true#?secret=qzel6hRlLq#?secret=RCatW67c8P\" data-secret=\"RCatW67c8P\" width=\"500\" height=\"282\" frameborder=\"0\" marginwidth=\"0\" marginheight=\"0\" scrolling=\"no\"><\/iframe>\n<\/div><\/figure>\n\n\n\n<ul class=\"wp-block-list\">\n<li><a href=\"https:\/\/mustansiriyah.net\/?page_id=3916&amp;lang=tr\">Al-Mustansiriyah e\u011fitim platformuyla nas\u0131l \u00f6\u011freniyoruz?<\/a><\/li>\n<\/ul>\n\n\n\n<figure class=\"wp-block-embed is-type-wp-embed\"><div class=\"wp-block-embed__wrapper\">\n<blockquote class=\"wp-embedded-content\" data-secret=\"sm2rjgx8cM\"><a href=\"https:\/\/mustansiriyah.net\/?page_id=3916&#038;lang=tr\">Al-Mustansiriyah e\u011fitim platformuyla nas\u0131l \u00f6\u011freniyoruz?<\/a><\/blockquote><iframe loading=\"lazy\" class=\"wp-embedded-content\" sandbox=\"allow-scripts\" security=\"restricted\" style=\"position: absolute; visibility: hidden;\" title=\"&#8220;Al-Mustansiriyah e\u011fitim platformuyla nas\u0131l \u00f6\u011freniyoruz?&#8221; &#8212; A\u00e7\u0131k sanal \u00f6\u011frenme i\u00e7in Al-Mustansiriyah e\u011fitim platformu\" src=\"https:\/\/mustansiriyah.net\/?page_id=3916&#038;lang=tr&#038;embed=true#?secret=yHbBIj6VQA#?secret=sm2rjgx8cM\" data-secret=\"sm2rjgx8cM\" width=\"500\" height=\"282\" frameborder=\"0\" marginwidth=\"0\" marginheight=\"0\" scrolling=\"no\"><\/iframe>\n<\/div><\/figure>\n\n\n\n<p><\/p>\n","protected":false},"excerpt":{"rendered":"<div class=\"mh-excerpt\"><\/div>","protected":false},"author":1,"featured_media":3533,"parent":0,"menu_order":0,"comment_status":"closed","ping_status":"closed","template":"","meta":{"footnotes":""},"class_list":["post-3535","page","type-page","status-publish","has-post-thumbnail","hentry"],"_links":{"self":[{"href":"https:\/\/mustansiriyah.net\/index.php?rest_route=\/wp\/v2\/pages\/3535","targetHints":{"allow":["GET"]}}],"collection":[{"href":"https:\/\/mustansiriyah.net\/index.php?rest_route=\/wp\/v2\/pages"}],"about":[{"href":"https:\/\/mustansiriyah.net\/index.php?rest_route=\/wp\/v2\/types\/page"}],"author":[{"embeddable":true,"href":"https:\/\/mustansiriyah.net\/index.php?rest_route=\/wp\/v2\/users\/1"}],"replies":[{"embeddable":true,"href":"https:\/\/mustansiriyah.net\/index.php?rest_route=%2Fwp%2Fv2%2Fcomments&post=3535"}],"version-history":[{"count":3,"href":"https:\/\/mustansiriyah.net\/index.php?rest_route=\/wp\/v2\/pages\/3535\/revisions"}],"predecessor-version":[{"id":3918,"href":"https:\/\/mustansiriyah.net\/index.php?rest_route=\/wp\/v2\/pages\/3535\/revisions\/3918"}],"wp:featuredmedia":[{"embeddable":true,"href":"https:\/\/mustansiriyah.net\/index.php?rest_route=\/wp\/v2\/media\/3533"}],"wp:attachment":[{"href":"https:\/\/mustansiriyah.net\/index.php?rest_route=%2Fwp%2Fv2%2Fmedia&parent=3535"}],"curies":[{"name":"wp","href":"https:\/\/api.w.org\/{rel}","templated":true}]}}