{"id":3544,"date":"2024-08-28T23:27:32","date_gmt":"2024-08-28T20:27:32","guid":{"rendered":"https:\/\/mustansiriyah.net\/?page_id=3544"},"modified":"2024-08-28T23:27:33","modified_gmt":"2024-08-28T20:27:33","slug":"al-mustansiriyah-egitim-platform-hakkinda","status":"publish","type":"page","link":"https:\/\/mustansiriyah.net\/?page_id=3544&lang=tr","title":{"rendered":"AL-MUSTANS\u0130R\u0130YAH E\u011e\u0130T\u0130M PLATFORM HAKKINDA"},"content":{"rendered":"<div class=\"wp-block-image\">\n<figure class=\"aligncenter\"><img loading=\"lazy\" decoding=\"async\" width=\"300\" height=\"300\" src=\"https:\/\/mustansiriyah.net\/wp-content\/uploads\/2019\/10\/box-Mustansiriyah-20190906-logo-200x200.png\" alt=\"\" class=\"wp-image-20\" srcset=\"https:\/\/mustansiriyah.net\/wp-content\/uploads\/2019\/10\/box-Mustansiriyah-20190906-logo-200x200.png 300w, https:\/\/mustansiriyah.net\/wp-content\/uploads\/2019\/10\/box-Mustansiriyah-20190906-logo-200x200-150x150.png 150w\" sizes=\"auto, (max-width: 300px) 100vw, 300px\" \/><\/figure><\/div>\n\n\n<p dir=\"ltr\">A\u00e7\u0131k \u00f6\u011frenme ve e\u011fitim i\u00e7in sanal e\u011fitim platformu; \u00e7e\u015fitli alan ve uzmanl\u0131k alanlar\u0131nda belirli m\u00fcfredatlara g\u00f6re \u00fccretsiz ders materyalleri sa\u011flar:<\/p>\n\n\n\n<figure class=\"wp-block-image\"><img decoding=\"async\" src=\"https:\/\/lms.mustansiriyah.net\/pluginfile.php\/1\/blog\/post\/1\/cover-course.png\" alt=\"\"\/><\/figure>\n\n\n\n<p class=\"has-text-align-center\"><a href=\"https:\/\/lms.mustansiriyah.net\/course\">https:\/\/lms.mustansiriyah.net\/course<\/a><\/p>\n\n\n\n<p class=\"has-text-align-center\" dir=\"ltr\">A\u00e7\u0131k \u00f6\u011fretimin sa\u011flanmas\u0131nda (Kitlesel A\u00e7\u0131k \u00c7evrimi\u00e7i Dersler) sistemine dayanmaktad\u0131r.<\/p>\n\n\n\n<p class=\"has-text-align-center\" dir=\"ltr\">K\u0131salt\u0131lm\u0131\u015f hali:<\/p>\n\n\n\n<p class=\"has-text-align-center\">MOOC<\/p>\n\n\n\n<p class=\"has-text-align-center\" dir=\"ltr\">\u00d6\u011frencilerimize hemen kay\u0131t olun \u2026<\/p>\n\n\n<div class=\"wp-block-image\">\n<figure class=\"aligncenter\"><img decoding=\"async\" src=\"https:\/\/lms.mustansiriyah.net\/pluginfile.php\/1\/blog\/post\/1\/box-login-01.png\" alt=\"\"\/><\/figure><\/div>\n\n\n<p class=\"has-text-align-center\"><a href=\"https:\/\/lms.mustansiriyah.net\/login\/index.php\">https:\/\/lms.mustansiriyah.net\/login\/index.php<\/a><\/p>\n\n\n\n<p class=\"has-text-align-center\" dir=\"ltr\">Mevcut veya yeni uzmanl\u0131k alan\u0131n\u0131zdaki bilginizi geli\u015ftirin ve art\u0131r\u0131n.<br><br>Kendinizi geli\u015ftirmenize ve yeni beceriler edinmenize yard\u0131mc\u0131 olan konular\u0131 inceleyin.<br><br>\u0130lginizi \u00e7eken ve becerilerinizi geli\u015ftirmenize yard\u0131mc\u0131 olan belirli bir uzmanl\u0131k alan\u0131nda yeni bir \u015fey \u00f6\u011frenin.<\/p>\n\n\n\n<p class=\"has-text-align-center\">FACEBOOK<\/p>\n\n\n\n<p class=\"has-text-align-center\"><a href=\"https:\/\/www.facebook.com\/groups\/AlMustansiriyahEP\">https:\/\/www.facebook.com\/groups\/AlMustansiriyahEP<\/a><\/p>\n\n\n\n<p class=\"has-text-align-center\"><a href=\"https:\/\/www.facebook.com\/AlMustansiriyah\">facebook page<\/a><\/p>\n\n\n\n<p class=\"has-text-align-center\">TELEGRAM<\/p>\n\n\n\n<p class=\"has-text-align-center\"><a href=\"https:\/\/t.me\/AlMustansiriyah\">https:\/\/t.me\/AlMustansiriyah<\/a><\/p>\n","protected":false},"excerpt":{"rendered":"<div class=\"mh-excerpt\"><p>A\u00e7\u0131k \u00f6\u011frenme ve e\u011fitim i\u00e7in sanal e\u011fitim platformu; \u00e7e\u015fitli alan ve uzmanl\u0131k alanlar\u0131nda belirli m\u00fcfredatlara g\u00f6re \u00fccretsiz ders materyalleri sa\u011flar: https:\/\/lms.mustansiriyah.net\/course A\u00e7\u0131k \u00f6\u011fretimin sa\u011flanmas\u0131nda (Kitlesel <a class=\"mh-excerpt-more\" href=\"https:\/\/mustansiriyah.net\/?page_id=3544&#038;lang=tr\" title=\"AL-MUSTANS\u0130R\u0130YAH E\u011e\u0130T\u0130M PLATFORM HAKKINDA\">[&#8230;]<\/a><\/p>\n<\/div>","protected":false},"author":1,"featured_media":115,"parent":0,"menu_order":0,"comment_status":"closed","ping_status":"closed","template":"","meta":{"footnotes":""},"class_list":["post-3544","page","type-page","status-publish","has-post-thumbnail","hentry"],"_links":{"self":[{"href":"https:\/\/mustansiriyah.net\/index.php?rest_route=\/wp\/v2\/pages\/3544","targetHints":{"allow":["GET"]}}],"collection":[{"href":"https:\/\/mustansiriyah.net\/index.php?rest_route=\/wp\/v2\/pages"}],"about":[{"href":"https:\/\/mustansiriyah.net\/index.php?rest_route=\/wp\/v2\/types\/page"}],"author":[{"embeddable":true,"href":"https:\/\/mustansiriyah.net\/index.php?rest_route=\/wp\/v2\/users\/1"}],"replies":[{"embeddable":true,"href":"https:\/\/mustansiriyah.net\/index.php?rest_route=%2Fwp%2Fv2%2Fcomments&post=3544"}],"version-history":[{"count":1,"href":"https:\/\/mustansiriyah.net\/index.php?rest_route=\/wp\/v2\/pages\/3544\/revisions"}],"predecessor-version":[{"id":3545,"href":"https:\/\/mustansiriyah.net\/index.php?rest_route=\/wp\/v2\/pages\/3544\/revisions\/3545"}],"wp:featuredmedia":[{"embeddable":true,"href":"https:\/\/mustansiriyah.net\/index.php?rest_route=\/wp\/v2\/media\/115"}],"wp:attachment":[{"href":"https:\/\/mustansiriyah.net\/index.php?rest_route=%2Fwp%2Fv2%2Fmedia&parent=3544"}],"curies":[{"name":"wp","href":"https:\/\/api.w.org\/{rel}","templated":true}]}}