{"id":3651,"date":"2024-09-07T23:41:46","date_gmt":"2024-09-07T20:41:46","guid":{"rendered":"https:\/\/mustansiriyah.net\/?page_id=3651"},"modified":"2024-10-26T20:16:03","modified_gmt":"2024-10-26T17:16:03","slug":"peygamber-efendimizin-abdest-ve-namazinin-tarifi-allah-ona-salat-ve-selam-etsin","status":"publish","type":"page","link":"https:\/\/mustansiriyah.net\/?page_id=3651&lang=tr","title":{"rendered":"Peygamber Efendimizin abdest ve namaz\u0131n\u0131n tarifi, Allah ona salat ve selam etsin"},"content":{"rendered":"<p align=\"justify\"><span style=\"font-size: xx-large;\">Peygamber Efendimizin abdest ve namaz\u0131n\u0131n tarifi, (Allah ona salat ve selam etsin), Hadis ve Nebevi S\u00fcnnet kitaplar\u0131ndan ve milletin b\u00fcy\u00fck \u00e2limlerinin, Allah onlara rahmet etsin, f\u0131k\u0131h eserlerinden; sanki g\u00f6r\u00fcyormu\u015fsunuz gibi a\u00e7\u0131k ve kolay bir \u015fekilde anlat\u0131lmas\u0131, uygulamal\u0131 derslerle anlat\u0131lmas\u0131.<\/span><\/p>\n\n<div class=\"wp-block-image\">\n<figure class=\"aligncenter size-large\"><img decoding=\"async\" src=\"https:\/\/mustansiriyah.net\/wp-content\/uploads\/2019\/10\/Mustansiriyah-Ads-20191003-course-001.jpg\" alt=\"\"\/><\/figure><\/div>\n\n<p align=\"justify\"><span style=\"font-size: xx-large;\">Sunan: \u015eeyh Dr. Osman El-Hamis, Allah onu korusun.<\/p>\n<p>Dil: Arap\u00e7a.<\/p>\n<p>Ders: Okunabilir, g\u00f6rsel, i\u015fitilebilir.<\/p>\n<p>Her ya\u015f grubuna ve k\u00fclt\u00fcrel seviyeye uygundur.<\/p>\n<p>Ders, abdest ve namaz\u0131n nas\u0131l yap\u0131laca\u011f\u0131n\u0131 k\u0131sa bir \u015fekilde ve t\u00fcm M\u00fcsl\u00fcmanlar\u0131n anlayabilece\u011fi kolay, basit bir dille a\u00e7\u0131kl\u0131yor&#8230;<\/span><\/p>\n\n\n<p class=\"has-text-align-center\"><a href=\"https:\/\/lms.mustansiriyah.net\/course\/view.php?id=2\"><strong>https:\/\/lms.mustansiriyah.net\/course\/view.php?id=2<\/strong><\/a><\/p>\n\n\n\n<figure class=\"wp-block-embed is-type-wp-embed\"><div class=\"wp-block-embed__wrapper\">\n<blockquote class=\"wp-embedded-content\" data-secret=\"08rA4zkOLA\"><a href=\"https:\/\/mustansiriyah.net\/?page_id=3744&#038;lang=tr\">\u015eeyh Osman el-Hamis<\/a><\/blockquote><iframe loading=\"lazy\" class=\"wp-embedded-content\" sandbox=\"allow-scripts\" security=\"restricted\" style=\"position: absolute; visibility: hidden;\" title=\"&#8220;\u015eeyh Osman el-Hamis&#8221; &#8212; A\u00e7\u0131k sanal \u00f6\u011frenme i\u00e7in Al-Mustansiriyah e\u011fitim platformu\" src=\"https:\/\/mustansiriyah.net\/?page_id=3744&#038;lang=tr&#038;embed=true#?secret=bnHSAc6eaK#?secret=08rA4zkOLA\" data-secret=\"08rA4zkOLA\" width=\"500\" height=\"282\" frameborder=\"0\" marginwidth=\"0\" marginheight=\"0\" scrolling=\"no\"><\/iframe>\n<\/div><\/figure>\n","protected":false},"excerpt":{"rendered":"<div class=\"mh-excerpt\"><p>Peygamber Efendimizin abdest ve namaz\u0131n\u0131n tarifi, (Allah ona salat ve selam etsin), Hadis ve Nebevi S\u00fcnnet kitaplar\u0131ndan ve milletin b\u00fcy\u00fck \u00e2limlerinin, Allah onlara rahmet etsin, <a class=\"mh-excerpt-more\" href=\"https:\/\/mustansiriyah.net\/?page_id=3651&#038;lang=tr\" title=\"Peygamber Efendimizin abdest ve namaz\u0131n\u0131n tarifi, Allah ona salat ve selam etsin\">[&#8230;]<\/a><\/p>\n<\/div>","protected":false},"author":1,"featured_media":3645,"parent":0,"menu_order":0,"comment_status":"closed","ping_status":"closed","template":"","meta":{"footnotes":""},"class_list":["post-3651","page","type-page","status-publish","has-post-thumbnail","hentry"],"_links":{"self":[{"href":"https:\/\/mustansiriyah.net\/index.php?rest_route=\/wp\/v2\/pages\/3651","targetHints":{"allow":["GET"]}}],"collection":[{"href":"https:\/\/mustansiriyah.net\/index.php?rest_route=\/wp\/v2\/pages"}],"about":[{"href":"https:\/\/mustansiriyah.net\/index.php?rest_route=\/wp\/v2\/types\/page"}],"author":[{"embeddable":true,"href":"https:\/\/mustansiriyah.net\/index.php?rest_route=\/wp\/v2\/users\/1"}],"replies":[{"embeddable":true,"href":"https:\/\/mustansiriyah.net\/index.php?rest_route=%2Fwp%2Fv2%2Fcomments&post=3651"}],"version-history":[{"count":4,"href":"https:\/\/mustansiriyah.net\/index.php?rest_route=\/wp\/v2\/pages\/3651\/revisions"}],"predecessor-version":[{"id":3931,"href":"https:\/\/mustansiriyah.net\/index.php?rest_route=\/wp\/v2\/pages\/3651\/revisions\/3931"}],"wp:featuredmedia":[{"embeddable":true,"href":"https:\/\/mustansiriyah.net\/index.php?rest_route=\/wp\/v2\/media\/3645"}],"wp:attachment":[{"href":"https:\/\/mustansiriyah.net\/index.php?rest_route=%2Fwp%2Fv2%2Fmedia&parent=3651"}],"curies":[{"name":"wp","href":"https:\/\/api.w.org\/{rel}","templated":true}]}}