{"id":3863,"date":"2024-10-23T15:36:18","date_gmt":"2024-10-23T12:36:18","guid":{"rendered":"https:\/\/mustansiriyah.net\/?page_id=3863"},"modified":"2024-10-26T15:24:10","modified_gmt":"2024-10-26T12:24:10","slug":"islami-anlamak-icin-kisa-bir-resimli-kilavuz","status":"publish","type":"page","link":"https:\/\/mustansiriyah.net\/?page_id=3863&lang=tr","title":{"rendered":"\u0130slam&#8217;\u0131 Anlamak \u0130\u00e7in K\u0131sa Bir Resimli K\u0131lavuz"},"content":{"rendered":"<div class=\"wp-block-image\">\n<figure class=\"aligncenter size-large\"><img decoding=\"async\" src=\"https:\/\/fg.jasimabed.net\/?gurl=https:\/\/archive.org\/download\/multi_lang_lib\/202410220002_tr_brief-illustrated-islam.png\" alt=\"\"\/><\/figure><\/div>\n\n\n\n","protected":false},"excerpt":{"rendered":"<div class=\"mh-excerpt\"><\/div>","protected":false},"author":1,"featured_media":3850,"parent":0,"menu_order":0,"comment_status":"closed","ping_status":"closed","template":"","meta":{"footnotes":""},"class_list":["post-3863","page","type-page","status-publish","has-post-thumbnail","hentry"],"_links":{"self":[{"href":"https:\/\/mustansiriyah.net\/index.php?rest_route=\/wp\/v2\/pages\/3863","targetHints":{"allow":["GET"]}}],"collection":[{"href":"https:\/\/mustansiriyah.net\/index.php?rest_route=\/wp\/v2\/pages"}],"about":[{"href":"https:\/\/mustansiriyah.net\/index.php?rest_route=\/wp\/v2\/types\/page"}],"author":[{"embeddable":true,"href":"https:\/\/mustansiriyah.net\/index.php?rest_route=\/wp\/v2\/users\/1"}],"replies":[{"embeddable":true,"href":"https:\/\/mustansiriyah.net\/index.php?rest_route=%2Fwp%2Fv2%2Fcomments&post=3863"}],"version-history":[{"count":2,"href":"https:\/\/mustansiriyah.net\/index.php?rest_route=\/wp\/v2\/pages\/3863\/revisions"}],"predecessor-version":[{"id":3897,"href":"https:\/\/mustansiriyah.net\/index.php?rest_route=\/wp\/v2\/pages\/3863\/revisions\/3897"}],"wp:featuredmedia":[{"embeddable":true,"href":"https:\/\/mustansiriyah.net\/index.php?rest_route=\/wp\/v2\/media\/3850"}],"wp:attachment":[{"href":"https:\/\/mustansiriyah.net\/index.php?rest_route=%2Fwp%2Fv2%2Fmedia&parent=3863"}],"curies":[{"name":"wp","href":"https:\/\/api.w.org\/{rel}","templated":true}]}}