{"id":3900,"date":"2024-10-26T16:58:35","date_gmt":"2024-10-26T13:58:35","guid":{"rendered":"https:\/\/mustansiriyah.net\/?page_id=3900"},"modified":"2024-10-26T16:58:37","modified_gmt":"2024-10-26T13:58:37","slug":"neden-el-mustansiriye-egitim-platformu","status":"publish","type":"page","link":"https:\/\/mustansiriyah.net\/?page_id=3900&lang=tr","title":{"rendered":"Neden El-Mustansiriye E\u011fitim Platformu?"},"content":{"rendered":"<div class=\"wp-block-image\">\n<figure class=\"aligncenter size-large\"><img decoding=\"async\" src=\"https:\/\/mustansiriyah.net\/wp-content\/uploads\/2019\/10\/mustansiriya_f2-1024x512.jpg\" alt=\"\"\/><\/figure><\/div>\n\n\n<p class=\"has-text-align-center\"><strong>El-Mustansiriye Okulu<\/strong><\/p>\n\n\n\n<p>&#8220;\u0130slam D\u00fcnyas\u0131nda D\u00f6rt Mezhepten \u0130lk \u00dcniversite&#8221;<\/p>\n\n\n\n<p>Abbasi ba\u015fkenti Ba\u011fdat&#8217;\u0131n okul ve \u00fcniversitelerinin m\u00fccevheri ve en \u00f6nemlisidir. Abbasiler d\u00f6neminde (631 H. \/ 1233 MS) otuz yedinci Abbasi Halifesi El-Mustansir Billah taraf\u0131ndan Ba\u011fdat&#8217;ta kurulmu\u015f ve onun ad\u0131yla an\u0131lm\u0131\u015ft\u0131r.<\/p>\n\n\n\n<p>\u0130slam d\u00fcnyas\u0131nda Kur&#8217;an ilimleri, S\u00fcnnet, f\u0131k\u0131h okullar\u0131, Arap\u00e7a ilimleri, felsefe, matematik, vergi ve miras payla\u015f\u0131m\u0131, hayvan haklar\u0131, t\u0131p ve eczac\u0131l\u0131k, sa\u011fl\u0131\u011f\u0131n korunmas\u0131 ve bedenlerin d\u00fczeltilmesi ile ilgilenen ilk \u00fcniversitedir. Ayr\u0131ca, d\u00f6rt \u0130slami mezhebin (Hanefi, \u015eafii, Maliki ve Hanbeli) f\u0131k\u0131h \u00e7al\u0131\u015fmalar\u0131n\u0131n tek bir binada, yani F\u0131k\u0131h Mektebi&#8217;nde birle\u015ftirildi\u011fi ilk \u0130slami \u00fcniversitedir. Ondan \u00f6nce b\u00f6yle de\u011fildi, \u00e7\u00fcnk\u00fc ondan \u00f6nceki okullar\u0131n her biri bu okullar\u0131n belirli bir mezhebini \u00f6\u011fretmek konusunda uzmanla\u015fm\u0131\u015ft\u0131.<\/p>\n","protected":false},"excerpt":{"rendered":"<div class=\"mh-excerpt\"><p>El-Mustansiriye Okulu &#8220;\u0130slam D\u00fcnyas\u0131nda D\u00f6rt Mezhepten \u0130lk \u00dcniversite&#8221; Abbasi ba\u015fkenti Ba\u011fdat&#8217;\u0131n okul ve \u00fcniversitelerinin m\u00fccevheri ve en \u00f6nemlisidir. Abbasiler d\u00f6neminde (631 H. \/ 1233 MS) <a class=\"mh-excerpt-more\" href=\"https:\/\/mustansiriyah.net\/?page_id=3900&#038;lang=tr\" title=\"Neden El-Mustansiriye E\u011fitim Platformu?\">[&#8230;]<\/a><\/p>\n<\/div>","protected":false},"author":1,"featured_media":53,"parent":0,"menu_order":0,"comment_status":"closed","ping_status":"closed","template":"","meta":{"footnotes":""},"class_list":["post-3900","page","type-page","status-publish","has-post-thumbnail","hentry"],"_links":{"self":[{"href":"https:\/\/mustansiriyah.net\/index.php?rest_route=\/wp\/v2\/pages\/3900","targetHints":{"allow":["GET"]}}],"collection":[{"href":"https:\/\/mustansiriyah.net\/index.php?rest_route=\/wp\/v2\/pages"}],"about":[{"href":"https:\/\/mustansiriyah.net\/index.php?rest_route=\/wp\/v2\/types\/page"}],"author":[{"embeddable":true,"href":"https:\/\/mustansiriyah.net\/index.php?rest_route=\/wp\/v2\/users\/1"}],"replies":[{"embeddable":true,"href":"https:\/\/mustansiriyah.net\/index.php?rest_route=%2Fwp%2Fv2%2Fcomments&post=3900"}],"version-history":[{"count":1,"href":"https:\/\/mustansiriyah.net\/index.php?rest_route=\/wp\/v2\/pages\/3900\/revisions"}],"predecessor-version":[{"id":3901,"href":"https:\/\/mustansiriyah.net\/index.php?rest_route=\/wp\/v2\/pages\/3900\/revisions\/3901"}],"wp:featuredmedia":[{"embeddable":true,"href":"https:\/\/mustansiriyah.net\/index.php?rest_route=\/wp\/v2\/media\/53"}],"wp:attachment":[{"href":"https:\/\/mustansiriyah.net\/index.php?rest_route=%2Fwp%2Fv2%2Fmedia&parent=3900"}],"curies":[{"name":"wp","href":"https:\/\/api.w.org\/{rel}","templated":true}]}}