{"id":3916,"date":"2024-10-26T19:46:00","date_gmt":"2024-10-26T16:46:00","guid":{"rendered":"https:\/\/mustansiriyah.net\/?page_id=3916"},"modified":"2024-10-26T21:48:19","modified_gmt":"2024-10-26T18:48:19","slug":"al-mustansiriyah-egitim-platformuyla-nasil-ogreniyoruz","status":"publish","type":"page","link":"https:\/\/mustansiriyah.net\/?page_id=3916&lang=tr","title":{"rendered":"Al-Mustansiriyah e\u011fitim platformuyla nas\u0131l \u00f6\u011freniyoruz?"},"content":{"rendered":"<div class=\"wp-block-image\">\n<figure class=\"aligncenter size-large\"><img decoding=\"async\" src=\"https:\/\/lms.mustansiriyah.net\/pluginfile.php\/1\/blog\/post\/2\/box-Mustansiriyah-20190906-logo-200x200.png\" alt=\"\"\/><\/figure><\/div>\n\n\n<p><strong>Platforma kay\u0131t ve giri\u015f:<\/strong><\/p>\n\n\n\n<p>Platformda (yeni \u00f6\u011frenci) olarak kay\u0131t olmak i\u00e7in: Ba\u011flant\u0131 \u00fczerinden platform sayfas\u0131na gidin:<\/p>\n\n\n\n<p class=\"has-text-align-center\"><a href=\"https:\/\/lms.mustansiriyah.net\">https:\/\/lms.mustansiriyah.net<\/a><\/p>\n\n\n<div class=\"wp-block-image\">\n<figure class=\"aligncenter size-large\"><img decoding=\"async\" src=\"https:\/\/lms.mustansiriyah.net\/pluginfile.php\/1\/blog\/post\/2\/001.jpg\" alt=\"\"\/><\/figure><\/div>\n\n\n<p><strong>(Yeni abone hesab\u0131) simgesine t\u0131klay\u0131n:<\/strong><\/p>\n\n\n<div class=\"wp-block-image\">\n<figure class=\"aligncenter size-large\"><img decoding=\"async\" src=\"https:\/\/lms.mustansiriyah.net\/pluginfile.php\/1\/blog\/post\/2\/002.jpg\" alt=\"\"\/><\/figure><\/div>\n\n\n<p>Kar\u015f\u0131n\u0131za a\u015fa\u011f\u0131daki sayfa \u00e7\u0131kacak:<\/p>\n\n\n<div class=\"wp-block-image\">\n<figure class=\"aligncenter size-large\"><img decoding=\"async\" src=\"https:\/\/lms.mustansiriyah.net\/pluginfile.php\/1\/blog\/post\/2\/003.jpg\" alt=\"\"\/><\/figure><\/div>\n\n\n<p>T\u00fcm gerekli alanlar\u0131 girin:<\/p>\n\n\n\n<p>(1)&nbsp;&nbsp;&nbsp;&nbsp;&nbsp;&nbsp;&nbsp;&nbsp;Kullan\u0131c\u0131 ad\u0131: Platforma giri\u015f yapma \u015feklinizdir ve \u0130ngilizce harfler ve rakamlardan olu\u015fur.<\/p>\n\n\n\n<p>(2)&nbsp;&nbsp;&nbsp;&nbsp;&nbsp;&nbsp;&nbsp;\u015eifre: Kar\u015f\u0131s\u0131nda belirtilen ko\u015fullara uygundur.<\/p>\n\n\n\n<p>(3)&nbsp;&nbsp;&nbsp;&nbsp;&nbsp;&nbsp;E-posta.<\/p>\n\n\n\n<p>(4)&nbsp;&nbsp;&nbsp;&nbsp;&nbsp;&nbsp;Ayn\u0131 e-postay\u0131 tekrar girin.<\/p>\n\n\n\n<p>(5)&nbsp;&nbsp;&nbsp;&nbsp;&nbsp;&nbsp;Ad: Sertifikalarda g\u00f6r\u00fcnecektir.<\/p>\n\n\n\n<p>(6)&nbsp;&nbsp;&nbsp;&nbsp;&nbsp;&nbsp;Soyad\u0131: Sertifikalarda adla birlikte g\u00f6r\u00fcnecektir.<\/p>\n\n\n\n<p>(7)&nbsp;&nbsp;&nbsp;&nbsp;&nbsp;&nbsp;Ya\u015fad\u0131\u011f\u0131n\u0131z \u015fehrin ad\u0131.<\/p>\n\n\n\n<p>(8)&nbsp;&nbsp;&nbsp;&nbsp;&nbsp;&nbsp;\u00dclkenin ad\u0131.<\/p>\n\n\n\n<p>(9)&nbsp;&nbsp;&nbsp;&nbsp;&nbsp;&nbsp;Hesab\u0131 olu\u015fturmak i\u00e7in (Yeni kullan\u0131c\u0131 hesab\u0131 olu\u015ftur) \u00f6\u011fesine t\u0131klay\u0131n.<\/p>\n\n\n<div class=\"wp-block-image\">\n<figure class=\"aligncenter size-large\"><img decoding=\"async\" src=\"https:\/\/lms.mustansiriyah.net\/pluginfile.php\/1\/blog\/post\/2\/004.jpg\" alt=\"\"\/><\/figure><\/div>\n\n\n<p>A\u015fa\u011f\u0131daki sayfa g\u00f6r\u00fcnecektir:<\/p>\n\n\n<div class=\"wp-block-image\">\n<figure class=\"aligncenter size-large\"><img decoding=\"async\" src=\"https:\/\/lms.mustansiriyah.net\/pluginfile.php\/1\/blog\/post\/2\/005.jpg\" alt=\"\"\/><\/figure><\/div>\n\n\n<p>Hesab\u0131n\u0131z\u0131 aktifle\u015ftirmek i\u00e7in, kay\u0131t oldu\u011funuz e-postaya gidin ve platformdan ald\u0131\u011f\u0131n\u0131z mesaj\u0131 a\u00e7\u0131n:<br>Ard\u0131ndan aktivasyon ba\u011flant\u0131s\u0131na t\u0131klay\u0131n:<\/p>\n\n\n<div class=\"wp-block-image\">\n<figure class=\"aligncenter size-large\"><img decoding=\"async\" src=\"https:\/\/lms.mustansiriyah.net\/pluginfile.php\/1\/blog\/post\/2\/007.jpg\" alt=\"\"\/><\/figure><\/div>\n\n\n<p>Kar\u015f\u0131n\u0131za a\u015fa\u011f\u0131daki sayfa \u00e7\u0131kacak:<\/p>\n\n\n<div class=\"wp-block-image\">\n<figure class=\"aligncenter size-large\"><img decoding=\"async\" src=\"https:\/\/lms.mustansiriyah.net\/pluginfile.php\/1\/blog\/post\/2\/008.jpg\" alt=\"\"\/><\/figure><\/div>\n\n\n<p><strong>K\u0131z ve erkek \u00f6\u011frencilerin derslere kay\u0131tlar\u0131 ve giri\u015fleri:<\/strong><\/p>\n\n\n\n<p>Daha sonra giri\u015f yapmak istiyorsak \u015funu yaz\u0131yoruz: (1) kullan\u0131c\u0131 ad\u0131, (2) \u015fifre, (3) giri\u015f:<\/p>\n\n\n<div class=\"wp-block-image\">\n<figure class=\"aligncenter size-large\"><img decoding=\"async\" src=\"https:\/\/lms.mustansiriyah.net\/pluginfile.php\/1\/blog\/post\/2\/009.jpg\" alt=\"\"\/><\/figure><\/div>\n\n\n<p>Daha sonra eri\u015fim ikonu, ard\u0131ndan beni kaydet ikonu veya kendi kendine kay\u0131t ikonu arac\u0131l\u0131\u011f\u0131yla gerekli derse gidiyoruz:<\/p>\n\n\n<div class=\"wp-block-image\">\n<figure class=\"aligncenter size-large\"><img decoding=\"async\" src=\"https:\/\/lms.mustansiriyah.net\/pluginfile.php\/1\/blog\/post\/2\/010.jpg\" alt=\"\"\/><\/figure><\/div>\n\n<div class=\"wp-block-image\">\n<figure class=\"aligncenter size-large\"><img decoding=\"async\" src=\"https:\/\/lms.mustansiriyah.net\/pluginfile.php\/1\/blog\/post\/2\/012.jpg\" alt=\"\"\/><\/figure><\/div>\n\n\n<p>Daha sonra kurs ad\u0131mlar\u0131n\u0131, b\u00f6l\u00fcmleri, gereklilikleri, g\u00f6revleri ve testleri takip ederek in\u015fallah sertifikay\u0131 al\u0131yoruz.<\/p>\n","protected":false},"excerpt":{"rendered":"<div class=\"mh-excerpt\"><p>Platforma kay\u0131t ve giri\u015f: Platformda (yeni \u00f6\u011frenci) olarak kay\u0131t olmak i\u00e7in: Ba\u011flant\u0131 \u00fczerinden platform sayfas\u0131na gidin: https:\/\/lms.mustansiriyah.net (Yeni abone hesab\u0131) simgesine t\u0131klay\u0131n: Kar\u015f\u0131n\u0131za a\u015fa\u011f\u0131daki sayfa <a class=\"mh-excerpt-more\" href=\"https:\/\/mustansiriyah.net\/?page_id=3916&#038;lang=tr\" title=\"Al-Mustansiriyah e\u011fitim platformuyla nas\u0131l \u00f6\u011freniyoruz?\">[&#8230;]<\/a><\/p>\n<\/div>","protected":false},"author":1,"featured_media":53,"parent":0,"menu_order":0,"comment_status":"closed","ping_status":"closed","template":"","meta":{"footnotes":""},"class_list":["post-3916","page","type-page","status-publish","has-post-thumbnail","hentry"],"_links":{"self":[{"href":"https:\/\/mustansiriyah.net\/index.php?rest_route=\/wp\/v2\/pages\/3916","targetHints":{"allow":["GET"]}}],"collection":[{"href":"https:\/\/mustansiriyah.net\/index.php?rest_route=\/wp\/v2\/pages"}],"about":[{"href":"https:\/\/mustansiriyah.net\/index.php?rest_route=\/wp\/v2\/types\/page"}],"author":[{"embeddable":true,"href":"https:\/\/mustansiriyah.net\/index.php?rest_route=\/wp\/v2\/users\/1"}],"replies":[{"embeddable":true,"href":"https:\/\/mustansiriyah.net\/index.php?rest_route=%2Fwp%2Fv2%2Fcomments&post=3916"}],"version-history":[{"count":4,"href":"https:\/\/mustansiriyah.net\/index.php?rest_route=\/wp\/v2\/pages\/3916\/revisions"}],"predecessor-version":[{"id":3950,"href":"https:\/\/mustansiriyah.net\/index.php?rest_route=\/wp\/v2\/pages\/3916\/revisions\/3950"}],"wp:featuredmedia":[{"embeddable":true,"href":"https:\/\/mustansiriyah.net\/index.php?rest_route=\/wp\/v2\/media\/53"}],"wp:attachment":[{"href":"https:\/\/mustansiriyah.net\/index.php?rest_route=%2Fwp%2Fv2%2Fmedia&parent=3916"}],"curies":[{"name":"wp","href":"https:\/\/api.w.org\/{rel}","templated":true}]}}